{"id":1770,"date":"2023-09-18T14:51:56","date_gmt":"2023-09-18T14:51:56","guid":{"rendered":"https:\/\/colegiosarquidiocesanos.edu.co\/inicio\/?page_id=1770"},"modified":"2025-11-05T09:09:20","modified_gmt":"2025-11-05T14:09:20","slug":"pastoral-educativa","status":"publish","type":"page","link":"https:\/\/colegiosarquidiocesanos.edu.co\/inicio\/pastoral-educativa\/","title":{"rendered":"Pastoral Educativa"},"content":{"rendered":"","protected":true},"excerpt":{"rendered":"","protected":true},"author":1,"featured_media":0,"parent":0,"menu_order":0,"comment_status":"closed","ping_status":"closed","template":"","meta":{"footnotes":""},"class_list":["post-1770","page","type-page","status-publish","post-password-required","hentry"],"yoast_head":"<!-- This site is optimized with the Yoast SEO plugin v27.4 - https:\/\/yoast.com\/product\/yoast-seo-wordpress\/ -->\n<title>Colegios Arquidiocesanos Pastoral Educativa<\/title>\n<meta name=\"description\" content=\"Pastoral Educativa. Educar por parte de la Iglesia, ha de ser desde las dimensiones sociales, naturales y espirituales de las personas.\" \/>\n<meta name=\"robots\" content=\"index, follow, max-snippet:-1, max-image-preview:large, max-video-preview:-1\" \/>\n<link rel=\"canonical\" href=\"https:\/\/colegiosarquidiocesanos.edu.co\/inicio\/pastoral-educativa\/\" \/>\n<meta property=\"og:locale\" content=\"es_ES\" \/>\n<meta property=\"og:type\" content=\"article\" \/>\n<meta property=\"og:title\" content=\"Colegios Arquidiocesanos Pastoral Educativa\" \/>\n<meta property=\"og:description\" content=\"Pastoral Educativa. Educar por parte de la Iglesia, ha de ser desde las dimensiones sociales, naturales y espirituales de las personas.\" \/>\n<meta property=\"og:url\" content=\"https:\/\/colegiosarquidiocesanos.edu.co\/inicio\/pastoral-educativa\/\" \/>\n<meta property=\"og:site_name\" content=\"Colegios Arquidiocesanos\" \/>\n<meta property=\"article:publisher\" content=\"https:\/\/www.facebook.com\/ColegiosArquidiocesanos\/\" \/>\n<meta property=\"article:modified_time\" content=\"2025-11-05T14:09:20+00:00\" \/>\n<meta name=\"twitter:card\" content=\"summary_large_image\" \/>\n<meta name=\"twitter:label1\" content=\"Tiempo de lectura\" \/>\n\t<meta name=\"twitter:data1\" content=\"2 minutos\" \/>\n<script type=\"application\/ld+json\" class=\"yoast-schema-graph\">{\"@context\":\"https:\\\/\\\/schema.org\",\"@graph\":[{\"@type\":\"WebPage\",\"@id\":\"https:\\\/\\\/colegiosarquidiocesanos.edu.co\\\/inicio\\\/pastoral-educativa\\\/\",\"url\":\"https:\\\/\\\/colegiosarquidiocesanos.edu.co\\\/inicio\\\/pastoral-educativa\\\/\",\"name\":\"Colegios Arquidiocesanos Pastoral Educativa\",\"isPartOf\":{\"@id\":\"https:\\\/\\\/colegiosarquidiocesanos.edu.co\\\/inicio\\\/#website\"},\"datePublished\":\"2023-09-18T14:51:56+00:00\",\"dateModified\":\"2025-11-05T14:09:20+00:00\",\"breadcrumb\":{\"@id\":\"https:\\\/\\\/colegiosarquidiocesanos.edu.co\\\/inicio\\\/pastoral-educativa\\\/#breadcrumb\"},\"inLanguage\":\"es\"},{\"@type\":\"WebSite\",\"@id\":\"https:\\\/\\\/colegiosarquidiocesanos.edu.co\\\/inicio\\\/#website\",\"url\":\"https:\\\/\\\/colegiosarquidiocesanos.edu.co\\\/inicio\\\/\",\"name\":\"Colegios Arquidiocesanos - Mejores Colegios de Cali\",\"description\":\"&quot;Colegios Arquidiocesanos&quot; es el sitio oficial que re\u00fane informaci\u00f3n sobre nuestros mejores colegios de Cali, noticias y actividades destacadas, adem\u00e1s de servicios en l\u00ednea como pagos de mensualidades y acceso al portal estudiantil. Una plataforma integral para estudiantes, padres y comunidad educativa.\",\"publisher\":{\"@id\":\"https:\\\/\\\/colegiosarquidiocesanos.edu.co\\\/inicio\\\/#organization\"},\"alternateName\":\"Arquidiocesanos\",\"potentialAction\":[{\"@type\":\"SearchAction\",\"target\":{\"@type\":\"EntryPoint\",\"urlTemplate\":\"https:\\\/\\\/colegiosarquidiocesanos.edu.co\\\/inicio\\\/?s={search_term_string}\"},\"query-input\":{\"@type\":\"PropertyValueSpecification\",\"valueRequired\":true,\"valueName\":\"search_term_string\"}}],\"inLanguage\":\"es\"},{\"@type\":\"Organization\",\"@id\":\"https:\\\/\\\/colegiosarquidiocesanos.edu.co\\\/inicio\\\/#organization\",\"name\":\"Fundaci\u00f3n Educativa Santa Isabel de Hungr\u00eda\",\"url\":\"https:\\\/\\\/colegiosarquidiocesanos.edu.co\\\/inicio\\\/\",\"logo\":{\"@type\":\"ImageObject\",\"inLanguage\":\"es\",\"@id\":\"https:\\\/\\\/colegiosarquidiocesanos.edu.co\\\/inicio\\\/#\\\/schema\\\/logo\\\/image\\\/\",\"url\":\"https:\\\/\\\/colegiosarquidiocesanos.edu.co\\\/inicio\\\/wp-content\\\/uploads\\\/2024\\\/06\\\/FESIH.png\",\"contentUrl\":\"https:\\\/\\\/colegiosarquidiocesanos.edu.co\\\/inicio\\\/wp-content\\\/uploads\\\/2024\\\/06\\\/FESIH.png\",\"width\":2244,\"height\":2535,\"caption\":\"Fundaci\u00f3n Educativa Santa Isabel de Hungr\u00eda\"},\"image\":{\"@id\":\"https:\\\/\\\/colegiosarquidiocesanos.edu.co\\\/inicio\\\/#\\\/schema\\\/logo\\\/image\\\/\"},\"sameAs\":[\"https:\\\/\\\/www.facebook.com\\\/ColegiosArquidiocesanos\\\/\",\"https:\\\/\\\/www.instagram.com\\\/colegios.arquidiocesanos\\\/\"]}]}<\/script>\n<!-- \/ Yoast SEO plugin. -->","yoast_head_json":{"title":"Colegios Arquidiocesanos Pastoral Educativa","description":"Pastoral Educativa. Educar por parte de la Iglesia, ha de ser desde las dimensiones sociales, naturales y espirituales de las personas.","robots":{"index":"index","follow":"follow","max-snippet":"max-snippet:-1","max-image-preview":"max-image-preview:large","max-video-preview":"max-video-preview:-1"},"canonical":"https:\/\/colegiosarquidiocesanos.edu.co\/inicio\/pastoral-educativa\/","og_locale":"es_ES","og_type":"article","og_title":"Colegios Arquidiocesanos Pastoral Educativa","og_description":"Pastoral Educativa. Educar por parte de la Iglesia, ha de ser desde las dimensiones sociales, naturales y espirituales de las personas.","og_url":"https:\/\/colegiosarquidiocesanos.edu.co\/inicio\/pastoral-educativa\/","og_site_name":"Colegios Arquidiocesanos","article_publisher":"https:\/\/www.facebook.com\/ColegiosArquidiocesanos\/","article_modified_time":"2025-11-05T14:09:20+00:00","twitter_card":"summary_large_image","twitter_misc":{"Tiempo de lectura":"2 minutos"},"schema":{"@context":"https:\/\/schema.org","@graph":[{"@type":"WebPage","@id":"https:\/\/colegiosarquidiocesanos.edu.co\/inicio\/pastoral-educativa\/","url":"https:\/\/colegiosarquidiocesanos.edu.co\/inicio\/pastoral-educativa\/","name":"Colegios Arquidiocesanos Pastoral Educativa","isPartOf":{"@id":"https:\/\/colegiosarquidiocesanos.edu.co\/inicio\/#website"},"datePublished":"2023-09-18T14:51:56+00:00","dateModified":"2025-11-05T14:09:20+00:00","breadcrumb":{"@id":"https:\/\/colegiosarquidiocesanos.edu.co\/inicio\/pastoral-educativa\/#breadcrumb"},"inLanguage":"es"},{"@type":"WebSite","@id":"https:\/\/colegiosarquidiocesanos.edu.co\/inicio\/#website","url":"https:\/\/colegiosarquidiocesanos.edu.co\/inicio\/","name":"Colegios Arquidiocesanos - Mejores Colegios de Cali","description":"&quot;Colegios Arquidiocesanos&quot; es el sitio oficial que re\u00fane informaci\u00f3n sobre nuestros mejores colegios de Cali, noticias y actividades destacadas, adem\u00e1s de servicios en l\u00ednea como pagos de mensualidades y acceso al portal estudiantil. Una plataforma integral para estudiantes, padres y comunidad educativa.","publisher":{"@id":"https:\/\/colegiosarquidiocesanos.edu.co\/inicio\/#organization"},"alternateName":"Arquidiocesanos","potentialAction":[{"@type":"SearchAction","target":{"@type":"EntryPoint","urlTemplate":"https:\/\/colegiosarquidiocesanos.edu.co\/inicio\/?s={search_term_string}"},"query-input":{"@type":"PropertyValueSpecification","valueRequired":true,"valueName":"search_term_string"}}],"inLanguage":"es"},{"@type":"Organization","@id":"https:\/\/colegiosarquidiocesanos.edu.co\/inicio\/#organization","name":"Fundaci\u00f3n Educativa Santa Isabel de Hungr\u00eda","url":"https:\/\/colegiosarquidiocesanos.edu.co\/inicio\/","logo":{"@type":"ImageObject","inLanguage":"es","@id":"https:\/\/colegiosarquidiocesanos.edu.co\/inicio\/#\/schema\/logo\/image\/","url":"https:\/\/colegiosarquidiocesanos.edu.co\/inicio\/wp-content\/uploads\/2024\/06\/FESIH.png","contentUrl":"https:\/\/colegiosarquidiocesanos.edu.co\/inicio\/wp-content\/uploads\/2024\/06\/FESIH.png","width":2244,"height":2535,"caption":"Fundaci\u00f3n Educativa Santa Isabel de Hungr\u00eda"},"image":{"@id":"https:\/\/colegiosarquidiocesanos.edu.co\/inicio\/#\/schema\/logo\/image\/"},"sameAs":["https:\/\/www.facebook.com\/ColegiosArquidiocesanos\/","https:\/\/www.instagram.com\/colegios.arquidiocesanos\/"]}]}},"_links":{"self":[{"href":"https:\/\/colegiosarquidiocesanos.edu.co\/inicio\/wp-json\/wp\/v2\/pages\/1770","targetHints":{"allow":["GET"]}}],"collection":[{"href":"https:\/\/colegiosarquidiocesanos.edu.co\/inicio\/wp-json\/wp\/v2\/pages"}],"about":[{"href":"https:\/\/colegiosarquidiocesanos.edu.co\/inicio\/wp-json\/wp\/v2\/types\/page"}],"author":[{"embeddable":true,"href":"https:\/\/colegiosarquidiocesanos.edu.co\/inicio\/wp-json\/wp\/v2\/users\/1"}],"replies":[{"embeddable":true,"href":"https:\/\/colegiosarquidiocesanos.edu.co\/inicio\/wp-json\/wp\/v2\/comments?post=1770"}],"version-history":[{"count":40,"href":"https:\/\/colegiosarquidiocesanos.edu.co\/inicio\/wp-json\/wp\/v2\/pages\/1770\/revisions"}],"predecessor-version":[{"id":6468,"href":"https:\/\/colegiosarquidiocesanos.edu.co\/inicio\/wp-json\/wp\/v2\/pages\/1770\/revisions\/6468"}],"wp:attachment":[{"href":"https:\/\/colegiosarquidiocesanos.edu.co\/inicio\/wp-json\/wp\/v2\/media?parent=1770"}],"curies":[{"name":"wp","href":"https:\/\/api.w.org\/{rel}","templated":true}]}}