{"id":1311,"date":"2023-08-18T14:17:13","date_gmt":"2023-08-18T14:17:13","guid":{"rendered":"https:\/\/colegiosarquidiocesanos.edu.co\/inicio\/?page_id=1311"},"modified":"2025-02-19T11:44:51","modified_gmt":"2025-02-19T16:44:51","slug":"resena-historica","status":"publish","type":"page","link":"https:\/\/colegiosarquidiocesanos.edu.co\/inicio\/horizonte-institucional\/resena-historica\/","title":{"rendered":"Rese\u00f1a Hist\u00f3rica"},"content":{"rendered":"\t\t<div data-elementor-type=\"wp-page\" data-elementor-id=\"1311\" class=\"elementor elementor-1311\" data-elementor-post-type=\"page\">\n\t\t\t\t\t\t<section class=\"elementor-section elementor-top-section elementor-element elementor-element-vkyjwqg elementor-section-boxed elementor-section-height-default elementor-section-height-default\" data-id=\"vkyjwqg\" data-element_type=\"section\" data-e-type=\"section\" data-settings=\"{&quot;background_background&quot;:&quot;classic&quot;}\">\n\t\t\t\t\t\t\t<div class=\"elementor-background-overlay\"><\/div>\n\t\t\t\t\t\t\t<div class=\"elementor-container elementor-column-gap-default\">\n\t\t\t\t\t<div class=\"elementor-column elementor-col-100 elementor-top-column elementor-element elementor-element-78af2ff\" data-id=\"78af2ff\" data-element_type=\"column\" data-e-type=\"column\">\n\t\t\t<div class=\"elementor-widget-wrap elementor-element-populated\">\n\t\t\t\t\t\t<div class=\"elementor-element elementor-element-58ba8f4 elementor-widget elementor-widget-heading\" data-id=\"58ba8f4\" data-element_type=\"widget\" data-e-type=\"widget\" data-widget_type=\"heading.default\">\n\t\t\t\t<div class=\"elementor-widget-container\">\n\t\t\t\t\t<h1 class=\"elementor-heading-title elementor-size-default\">Rese\u00f1a Hist\u00f3rica<\/h1>\t\t\t\t<\/div>\n\t\t\t\t<\/div>\n\t\t\t\t<div class=\"elementor-element elementor-element-1a01464 elementor-widget elementor-widget-text-editor\" data-id=\"1a01464\" data-element_type=\"widget\" data-e-type=\"widget\" data-widget_type=\"text-editor.default\">\n\t\t\t\t<div class=\"elementor-widget-container\">\n\t\t\t\t\t\t\t\t\t<p><em><strong>Foto de Archivo:<\/strong> Colegio Santa Isabel de Hungr\u00eda sede Alfonso L\u00f3pez &#8211; A\u00f1o 1962<\/em><\/p>\t\t\t\t\t\t\t\t<\/div>\n\t\t\t\t<\/div>\n\t\t\t\t\t<\/div>\n\t\t<\/div>\n\t\t\t\t\t<\/div>\n\t\t<\/section>\n\t\t\t\t<section class=\"elementor-section elementor-top-section elementor-element elementor-element-abee5cd0 elementor-section-height-min-height elementor-section-boxed elementor-section-height-default elementor-section-items-middle\" data-id=\"abee5cd0\" data-element_type=\"section\" data-e-type=\"section\">\n\t\t\t\t\t\t<div class=\"elementor-container elementor-column-gap-default\">\n\t\t\t\t\t<div class=\"elementor-column elementor-col-100 elementor-top-column elementor-element elementor-element-60906bfc\" data-id=\"60906bfc\" data-element_type=\"column\" data-e-type=\"column\">\n\t\t\t<div class=\"elementor-widget-wrap elementor-element-populated\">\n\t\t\t\t\t\t<div class=\"elementor-element elementor-element-7e556118 elementor-widget elementor-widget-spacer\" data-id=\"7e556118\" data-element_type=\"widget\" data-e-type=\"widget\" data-widget_type=\"spacer.default\">\n\t\t\t\t<div class=\"elementor-widget-container\">\n\t\t\t\t\t\t\t<div class=\"elementor-spacer\">\n\t\t\t<div class=\"elementor-spacer-inner\"><\/div>\n\t\t<\/div>\n\t\t\t\t\t\t<\/div>\n\t\t\t\t<\/div>\n\t\t\t\t\t<\/div>\n\t\t<\/div>\n\t\t\t\t\t<\/div>\n\t\t<\/section>\n\t\t\t\t<section class=\"elementor-section elementor-top-section elementor-element elementor-element-286b8fbf elementor-section-boxed elementor-section-height-default elementor-section-height-default\" data-id=\"286b8fbf\" data-element_type=\"section\" data-e-type=\"section\">\n\t\t\t\t\t\t<div class=\"elementor-container elementor-column-gap-default\">\n\t\t\t\t\t<div class=\"elementor-column elementor-col-100 elementor-top-column elementor-element elementor-element-42764724\" data-id=\"42764724\" data-element_type=\"column\" data-e-type=\"column\">\n\t\t\t<div class=\"elementor-widget-wrap elementor-element-populated\">\n\t\t\t\t\t\t<div class=\"elementor-element elementor-element-1110d41 elementor-widget elementor-widget-heading\" data-id=\"1110d41\" data-element_type=\"widget\" data-e-type=\"widget\" data-widget_type=\"heading.default\">\n\t\t\t\t<div class=\"elementor-widget-container\">\n\t\t\t\t\t<h2 class=\"elementor-heading-title elementor-size-default\">Fundaci\u00f3n Educativa Santa Isabel de Hungr\u00eda<\/h2>\t\t\t\t<\/div>\n\t\t\t\t<\/div>\n\t\t\t\t\t<\/div>\n\t\t<\/div>\n\t\t\t\t\t<\/div>\n\t\t<\/section>\n\t\t<div class=\"elementor-element elementor-element-9d84fec e-flex e-con-boxed e-con e-parent\" data-id=\"9d84fec\" data-element_type=\"container\" data-e-type=\"container\">\n\t\t\t\t\t<div class=\"e-con-inner\">\n\t\t<div class=\"elementor-element elementor-element-c39a65d e-con-full e-flex e-con e-child\" data-id=\"c39a65d\" data-element_type=\"container\" data-e-type=\"container\">\n\t\t\t\t<div class=\"elementor-element elementor-element-edba72f elementor-widget elementor-widget-image\" data-id=\"edba72f\" data-element_type=\"widget\" data-e-type=\"widget\" data-widget_type=\"image.default\">\n\t\t\t\t<div class=\"elementor-widget-container\">\n\t\t\t\t\t\t\t\t\t\t\t\t\t\t\t<img fetchpriority=\"high\" decoding=\"async\" width=\"800\" height=\"904\" src=\"https:\/\/colegiosarquidiocesanos.edu.co\/inicio\/wp-content\/uploads\/2024\/06\/FESIH-906x1024.webp\" class=\"attachment-large size-large wp-image-3293\" alt=\"informe gestion logo fesih\" srcset=\"https:\/\/colegiosarquidiocesanos.edu.co\/inicio\/wp-content\/uploads\/2024\/06\/FESIH-906x1024.webp 906w, https:\/\/colegiosarquidiocesanos.edu.co\/inicio\/wp-content\/uploads\/2024\/06\/FESIH-266x300.webp 266w, https:\/\/colegiosarquidiocesanos.edu.co\/inicio\/wp-content\/uploads\/2024\/06\/FESIH-768x868.webp 768w, https:\/\/colegiosarquidiocesanos.edu.co\/inicio\/wp-content\/uploads\/2024\/06\/FESIH-1360x1536.webp 1360w, https:\/\/colegiosarquidiocesanos.edu.co\/inicio\/wp-content\/uploads\/2024\/06\/FESIH.webp 1700w\" sizes=\"(max-width: 800px) 100vw, 800px\" \/>\t\t\t\t\t\t\t\t\t\t\t\t\t\t\t<\/div>\n\t\t\t\t<\/div>\n\t\t\t\t<\/div>\n\t\t<div class=\"elementor-element elementor-element-89e12d6 e-con-full e-flex e-con e-child\" data-id=\"89e12d6\" data-element_type=\"container\" data-e-type=\"container\">\n\t\t\t\t<div class=\"elementor-element elementor-element-a828bd0 elementor-widget elementor-widget-text-editor\" data-id=\"a828bd0\" data-element_type=\"widget\" data-e-type=\"widget\" data-widget_type=\"text-editor.default\">\n\t\t\t\t<div class=\"elementor-widget-container\">\n\t\t\t\t\t\t\t\t\t<p>La Fundaci\u00f3n Educativa Santa Isabel de Hungr\u00eda fue fundada por la Arquidi\u00f3cesis de Cali como resultado de una iniciativa visionaria liderada por Monse\u00f1or Juan Francisco Sarasti Jaramillo. Su constituci\u00f3n se llev\u00f3 a cabo mediante el Decreto Arzobispal No. 142, emitido el 23 de diciembre de 2004, y se identifica con el NIT 800.256.881-3. Desde su creaci\u00f3n en 2004, la Fundaci\u00f3n ha transformado vidas, convirti\u00e9ndose en una pieza fundamental en el panorama educativo de la ciudad de Cali.<\/p>\t\t\t\t\t\t\t\t<\/div>\n\t\t\t\t<\/div>\n\t\t\t\t<\/div>\n\t\t\t\t\t<\/div>\n\t\t\t\t<\/div>\n\t\t\t\t<section class=\"elementor-section elementor-top-section elementor-element elementor-element-c694067 elementor-section-boxed elementor-section-height-default elementor-section-height-default\" data-id=\"c694067\" data-element_type=\"section\" data-e-type=\"section\">\n\t\t\t\t\t\t<div class=\"elementor-container elementor-column-gap-default\">\n\t\t\t\t\t<div class=\"elementor-column elementor-col-100 elementor-top-column elementor-element elementor-element-a2d6669\" data-id=\"a2d6669\" data-element_type=\"column\" data-e-type=\"column\">\n\t\t\t<div class=\"elementor-widget-wrap elementor-element-populated\">\n\t\t\t\t\t\t<div class=\"elementor-element elementor-element-6834da1 elementor-widget elementor-widget-heading\" data-id=\"6834da1\" data-element_type=\"widget\" data-e-type=\"widget\" data-widget_type=\"heading.default\">\n\t\t\t\t<div class=\"elementor-widget-container\">\n\t\t\t\t\t<h2 class=\"elementor-heading-title elementor-size-default\">Fundaci\u00f3n Educativa Alberto Uribe urdaneta<\/h2>\t\t\t\t<\/div>\n\t\t\t\t<\/div>\n\t\t\t\t\t<\/div>\n\t\t<\/div>\n\t\t\t\t\t<\/div>\n\t\t<\/section>\n\t\t<div class=\"elementor-element elementor-element-71de3c1 e-flex e-con-boxed e-con e-parent\" data-id=\"71de3c1\" data-element_type=\"container\" data-e-type=\"container\">\n\t\t\t\t\t<div class=\"e-con-inner\">\n\t\t<div class=\"elementor-element elementor-element-04d4eef e-con-full e-flex e-con e-child\" data-id=\"04d4eef\" data-element_type=\"container\" data-e-type=\"container\">\n\t\t\t\t<div class=\"elementor-element elementor-element-218bdea elementor-widget elementor-widget-image\" data-id=\"218bdea\" data-element_type=\"widget\" data-e-type=\"widget\" data-widget_type=\"image.default\">\n\t\t\t\t<div class=\"elementor-widget-container\">\n\t\t\t\t\t\t\t\t\t\t\t\t\t\t\t<img decoding=\"async\" width=\"800\" height=\"800\" src=\"https:\/\/colegiosarquidiocesanos.edu.co\/inicio\/wp-content\/uploads\/2024\/06\/FEAUU-1-1024x1024.webp\" class=\"attachment-large size-large wp-image-3142\" alt=\"logo informe gestion feauu\" srcset=\"https:\/\/colegiosarquidiocesanos.edu.co\/inicio\/wp-content\/uploads\/2024\/06\/FEAUU-1-1024x1024.webp 1024w, https:\/\/colegiosarquidiocesanos.edu.co\/inicio\/wp-content\/uploads\/2024\/06\/FEAUU-1-300x300.webp 300w, https:\/\/colegiosarquidiocesanos.edu.co\/inicio\/wp-content\/uploads\/2024\/06\/FEAUU-1-150x150.webp 150w, https:\/\/colegiosarquidiocesanos.edu.co\/inicio\/wp-content\/uploads\/2024\/06\/FEAUU-1-768x768.webp 768w, https:\/\/colegiosarquidiocesanos.edu.co\/inicio\/wp-content\/uploads\/2024\/06\/FEAUU-1-1536x1536.webp 1536w, https:\/\/colegiosarquidiocesanos.edu.co\/inicio\/wp-content\/uploads\/2024\/06\/FEAUU-1.webp 1920w\" sizes=\"(max-width: 800px) 100vw, 800px\" \/>\t\t\t\t\t\t\t\t\t\t\t\t\t\t\t<\/div>\n\t\t\t\t<\/div>\n\t\t\t\t<\/div>\n\t\t<div class=\"elementor-element elementor-element-dba4cbf e-con-full e-flex e-con e-child\" data-id=\"dba4cbf\" data-element_type=\"container\" data-e-type=\"container\">\n\t\t\t\t<div class=\"elementor-element elementor-element-2faf33a elementor-widget elementor-widget-text-editor\" data-id=\"2faf33a\" data-element_type=\"widget\" data-e-type=\"widget\" data-widget_type=\"text-editor.default\">\n\t\t\t\t<div class=\"elementor-widget-container\">\n\t\t\t\t\t\t\t\t\t<p>La Fundaci\u00f3n Educativa Alberto Uribe Urdaneta fue fundada por la Arquidi\u00f3cesis de Cali como resultado de una iniciativa visionaria liderada por Monse\u00f1or Juan Francisco Sarasti Jaramillo. Su constituci\u00f3n se llev\u00f3 a cabo mediante el Decreto Arzobispal No. 140, emitido el 23 de diciembre de 2004, y se identifica con el NIT 900.005.910-5. Desde su creaci\u00f3n en 2004, la Fundaci\u00f3n ha transformado vidas, convirti\u00e9ndose en una pieza fundamental en el panorama educativo de la ciudad de Cali y los municipios donde hace presencia con sus Instituciones educativas.<\/p>\t\t\t\t\t\t\t\t<\/div>\n\t\t\t\t<\/div>\n\t\t\t\t<\/div>\n\t\t\t\t\t<\/div>\n\t\t\t\t<\/div>\n\t\t\t\t<\/div>\n\t\t","protected":false},"excerpt":{"rendered":"<p>Rese\u00f1a Hist\u00f3rica Foto de Archivo: Colegio Santa Isabel de Hungr\u00eda sede Alfonso L\u00f3pez &#8211; A\u00f1o 1962 Fundaci\u00f3n Educativa Santa Isabel de Hungr\u00eda La Fundaci\u00f3n Educativa Santa Isabel de Hungr\u00eda fue fundada por la Arquidi\u00f3cesis de Cali como resultado de una iniciativa visionaria liderada por Monse\u00f1or Juan Francisco Sarasti Jaramillo. Su constituci\u00f3n se llev\u00f3 a cabo [&hellip;]<\/p>\n","protected":false},"author":1,"featured_media":1712,"parent":387,"menu_order":0,"comment_status":"closed","ping_status":"closed","template":"","meta":{"footnotes":""},"class_list":["post-1311","page","type-page","status-publish","has-post-thumbnail","hentry"],"yoast_head":"<!-- This site is optimized with the Yoast SEO plugin v27.4 - https:\/\/yoast.com\/product\/yoast-seo-wordpress\/ -->\n<title>Rese\u00f1a Hist\u00f3rica<\/title>\n<meta name=\"description\" content=\"La Arquidi\u00f3cesis de Cali da inicio al servicio educativo con el Colegio Mayor Santiago de Cali en el mes de Julio del 1958. Rese\u00f1a Hist\u00f3rica\" \/>\n<meta name=\"robots\" content=\"index, follow, max-snippet:-1, max-image-preview:large, max-video-preview:-1\" \/>\n<link rel=\"canonical\" href=\"https:\/\/colegiosarquidiocesanos.edu.co\/inicio\/horizonte-institucional\/resena-historica\/\" \/>\n<meta property=\"og:locale\" content=\"es_ES\" \/>\n<meta property=\"og:type\" content=\"article\" \/>\n<meta property=\"og:title\" content=\"Rese\u00f1a Hist\u00f3rica\" \/>\n<meta property=\"og:description\" content=\"La Arquidi\u00f3cesis de Cali da inicio al servicio educativo con el Colegio Mayor Santiago de Cali en el mes de Julio del 1958. Rese\u00f1a Hist\u00f3rica\" \/>\n<meta property=\"og:url\" content=\"https:\/\/colegiosarquidiocesanos.edu.co\/inicio\/horizonte-institucional\/resena-historica\/\" \/>\n<meta property=\"og:site_name\" content=\"Colegios Arquidiocesanos\" \/>\n<meta property=\"article:publisher\" content=\"https:\/\/www.facebook.com\/ColegiosArquidiocesanos\/\" \/>\n<meta property=\"article:modified_time\" content=\"2025-02-19T16:44:51+00:00\" \/>\n<meta property=\"og:image\" content=\"https:\/\/colegiosarquidiocesanos.edu.co\/inicio\/wp-content\/uploads\/2023\/09\/hola.webp\" \/>\n\t<meta property=\"og:image:width\" content=\"1280\" \/>\n\t<meta property=\"og:image:height\" content=\"881\" \/>\n\t<meta property=\"og:image:type\" content=\"image\/webp\" \/>\n<meta name=\"twitter:card\" content=\"summary_large_image\" \/>\n<meta name=\"twitter:label1\" content=\"Tiempo de lectura\" \/>\n\t<meta name=\"twitter:data1\" content=\"2 minutos\" \/>\n<script type=\"application\/ld+json\" class=\"yoast-schema-graph\">{\"@context\":\"https:\\\/\\\/schema.org\",\"@graph\":[{\"@type\":\"WebPage\",\"@id\":\"https:\\\/\\\/colegiosarquidiocesanos.edu.co\\\/inicio\\\/horizonte-institucional\\\/resena-historica\\\/\",\"url\":\"https:\\\/\\\/colegiosarquidiocesanos.edu.co\\\/inicio\\\/horizonte-institucional\\\/resena-historica\\\/\",\"name\":\"Rese\u00f1a Hist\u00f3rica\",\"isPartOf\":{\"@id\":\"https:\\\/\\\/colegiosarquidiocesanos.edu.co\\\/inicio\\\/#website\"},\"primaryImageOfPage\":{\"@id\":\"https:\\\/\\\/colegiosarquidiocesanos.edu.co\\\/inicio\\\/horizonte-institucional\\\/resena-historica\\\/#primaryimage\"},\"image\":{\"@id\":\"https:\\\/\\\/colegiosarquidiocesanos.edu.co\\\/inicio\\\/horizonte-institucional\\\/resena-historica\\\/#primaryimage\"},\"thumbnailUrl\":\"https:\\\/\\\/colegiosarquidiocesanos.edu.co\\\/inicio\\\/wp-content\\\/uploads\\\/2023\\\/09\\\/hola.webp\",\"datePublished\":\"2023-08-18T14:17:13+00:00\",\"dateModified\":\"2025-02-19T16:44:51+00:00\",\"description\":\"La Arquidi\u00f3cesis de Cali da inicio al servicio educativo con el Colegio Mayor Santiago de Cali en el mes de Julio del 1958. Rese\u00f1a Hist\u00f3rica\",\"breadcrumb\":{\"@id\":\"https:\\\/\\\/colegiosarquidiocesanos.edu.co\\\/inicio\\\/horizonte-institucional\\\/resena-historica\\\/#breadcrumb\"},\"inLanguage\":\"es\",\"potentialAction\":[{\"@type\":\"ReadAction\",\"target\":[\"https:\\\/\\\/colegiosarquidiocesanos.edu.co\\\/inicio\\\/horizonte-institucional\\\/resena-historica\\\/\"]}]},{\"@type\":\"ImageObject\",\"inLanguage\":\"es\",\"@id\":\"https:\\\/\\\/colegiosarquidiocesanos.edu.co\\\/inicio\\\/horizonte-institucional\\\/resena-historica\\\/#primaryimage\",\"url\":\"https:\\\/\\\/colegiosarquidiocesanos.edu.co\\\/inicio\\\/wp-content\\\/uploads\\\/2023\\\/09\\\/hola.webp\",\"contentUrl\":\"https:\\\/\\\/colegiosarquidiocesanos.edu.co\\\/inicio\\\/wp-content\\\/uploads\\\/2023\\\/09\\\/hola.webp\",\"width\":1280,\"height\":881,\"caption\":\"Colegio Santa Isabel de Hungria Alfonso Lopez\"},{\"@type\":\"BreadcrumbList\",\"@id\":\"https:\\\/\\\/colegiosarquidiocesanos.edu.co\\\/inicio\\\/horizonte-institucional\\\/resena-historica\\\/#breadcrumb\",\"itemListElement\":[{\"@type\":\"ListItem\",\"position\":1,\"name\":\"Portada\",\"item\":\"https:\\\/\\\/colegiosarquidiocesanos.edu.co\\\/inicio\\\/\"},{\"@type\":\"ListItem\",\"position\":2,\"name\":\"Horizonte Institucional\",\"item\":\"https:\\\/\\\/colegiosarquidiocesanos.edu.co\\\/inicio\\\/horizonte-institucional\\\/\"},{\"@type\":\"ListItem\",\"position\":3,\"name\":\"Rese\u00f1a Hist\u00f3rica\"}]},{\"@type\":\"WebSite\",\"@id\":\"https:\\\/\\\/colegiosarquidiocesanos.edu.co\\\/inicio\\\/#website\",\"url\":\"https:\\\/\\\/colegiosarquidiocesanos.edu.co\\\/inicio\\\/\",\"name\":\"Colegios Arquidiocesanos - Mejores Colegios de Cali\",\"description\":\"&quot;Colegios Arquidiocesanos&quot; es el sitio oficial que re\u00fane informaci\u00f3n sobre nuestros mejores colegios de Cali, noticias y actividades destacadas, adem\u00e1s de servicios en l\u00ednea como pagos de mensualidades y acceso al portal estudiantil. Una plataforma integral para estudiantes, padres y comunidad educativa.\",\"publisher\":{\"@id\":\"https:\\\/\\\/colegiosarquidiocesanos.edu.co\\\/inicio\\\/#organization\"},\"alternateName\":\"Arquidiocesanos\",\"potentialAction\":[{\"@type\":\"SearchAction\",\"target\":{\"@type\":\"EntryPoint\",\"urlTemplate\":\"https:\\\/\\\/colegiosarquidiocesanos.edu.co\\\/inicio\\\/?s={search_term_string}\"},\"query-input\":{\"@type\":\"PropertyValueSpecification\",\"valueRequired\":true,\"valueName\":\"search_term_string\"}}],\"inLanguage\":\"es\"},{\"@type\":\"Organization\",\"@id\":\"https:\\\/\\\/colegiosarquidiocesanos.edu.co\\\/inicio\\\/#organization\",\"name\":\"Fundaci\u00f3n Educativa Santa Isabel de Hungr\u00eda\",\"url\":\"https:\\\/\\\/colegiosarquidiocesanos.edu.co\\\/inicio\\\/\",\"logo\":{\"@type\":\"ImageObject\",\"inLanguage\":\"es\",\"@id\":\"https:\\\/\\\/colegiosarquidiocesanos.edu.co\\\/inicio\\\/#\\\/schema\\\/logo\\\/image\\\/\",\"url\":\"https:\\\/\\\/colegiosarquidiocesanos.edu.co\\\/inicio\\\/wp-content\\\/uploads\\\/2024\\\/06\\\/FESIH.png\",\"contentUrl\":\"https:\\\/\\\/colegiosarquidiocesanos.edu.co\\\/inicio\\\/wp-content\\\/uploads\\\/2024\\\/06\\\/FESIH.png\",\"width\":2244,\"height\":2535,\"caption\":\"Fundaci\u00f3n Educativa Santa Isabel de Hungr\u00eda\"},\"image\":{\"@id\":\"https:\\\/\\\/colegiosarquidiocesanos.edu.co\\\/inicio\\\/#\\\/schema\\\/logo\\\/image\\\/\"},\"sameAs\":[\"https:\\\/\\\/www.facebook.com\\\/ColegiosArquidiocesanos\\\/\",\"https:\\\/\\\/www.instagram.com\\\/colegios.arquidiocesanos\\\/\"]}]}<\/script>\n<!-- \/ Yoast SEO plugin. -->","yoast_head_json":{"title":"Rese\u00f1a Hist\u00f3rica","description":"La Arquidi\u00f3cesis de Cali da inicio al servicio educativo con el Colegio Mayor Santiago de Cali en el mes de Julio del 1958. Rese\u00f1a Hist\u00f3rica","robots":{"index":"index","follow":"follow","max-snippet":"max-snippet:-1","max-image-preview":"max-image-preview:large","max-video-preview":"max-video-preview:-1"},"canonical":"https:\/\/colegiosarquidiocesanos.edu.co\/inicio\/horizonte-institucional\/resena-historica\/","og_locale":"es_ES","og_type":"article","og_title":"Rese\u00f1a Hist\u00f3rica","og_description":"La Arquidi\u00f3cesis de Cali da inicio al servicio educativo con el Colegio Mayor Santiago de Cali en el mes de Julio del 1958. Rese\u00f1a Hist\u00f3rica","og_url":"https:\/\/colegiosarquidiocesanos.edu.co\/inicio\/horizonte-institucional\/resena-historica\/","og_site_name":"Colegios Arquidiocesanos","article_publisher":"https:\/\/www.facebook.com\/ColegiosArquidiocesanos\/","article_modified_time":"2025-02-19T16:44:51+00:00","og_image":[{"width":1280,"height":881,"url":"https:\/\/colegiosarquidiocesanos.edu.co\/inicio\/wp-content\/uploads\/2023\/09\/hola.webp","type":"image\/webp"}],"twitter_card":"summary_large_image","twitter_misc":{"Tiempo de lectura":"2 minutos"},"schema":{"@context":"https:\/\/schema.org","@graph":[{"@type":"WebPage","@id":"https:\/\/colegiosarquidiocesanos.edu.co\/inicio\/horizonte-institucional\/resena-historica\/","url":"https:\/\/colegiosarquidiocesanos.edu.co\/inicio\/horizonte-institucional\/resena-historica\/","name":"Rese\u00f1a Hist\u00f3rica","isPartOf":{"@id":"https:\/\/colegiosarquidiocesanos.edu.co\/inicio\/#website"},"primaryImageOfPage":{"@id":"https:\/\/colegiosarquidiocesanos.edu.co\/inicio\/horizonte-institucional\/resena-historica\/#primaryimage"},"image":{"@id":"https:\/\/colegiosarquidiocesanos.edu.co\/inicio\/horizonte-institucional\/resena-historica\/#primaryimage"},"thumbnailUrl":"https:\/\/colegiosarquidiocesanos.edu.co\/inicio\/wp-content\/uploads\/2023\/09\/hola.webp","datePublished":"2023-08-18T14:17:13+00:00","dateModified":"2025-02-19T16:44:51+00:00","description":"La Arquidi\u00f3cesis de Cali da inicio al servicio educativo con el Colegio Mayor Santiago de Cali en el mes de Julio del 1958. Rese\u00f1a Hist\u00f3rica","breadcrumb":{"@id":"https:\/\/colegiosarquidiocesanos.edu.co\/inicio\/horizonte-institucional\/resena-historica\/#breadcrumb"},"inLanguage":"es","potentialAction":[{"@type":"ReadAction","target":["https:\/\/colegiosarquidiocesanos.edu.co\/inicio\/horizonte-institucional\/resena-historica\/"]}]},{"@type":"ImageObject","inLanguage":"es","@id":"https:\/\/colegiosarquidiocesanos.edu.co\/inicio\/horizonte-institucional\/resena-historica\/#primaryimage","url":"https:\/\/colegiosarquidiocesanos.edu.co\/inicio\/wp-content\/uploads\/2023\/09\/hola.webp","contentUrl":"https:\/\/colegiosarquidiocesanos.edu.co\/inicio\/wp-content\/uploads\/2023\/09\/hola.webp","width":1280,"height":881,"caption":"Colegio Santa Isabel de Hungria Alfonso Lopez"},{"@type":"BreadcrumbList","@id":"https:\/\/colegiosarquidiocesanos.edu.co\/inicio\/horizonte-institucional\/resena-historica\/#breadcrumb","itemListElement":[{"@type":"ListItem","position":1,"name":"Portada","item":"https:\/\/colegiosarquidiocesanos.edu.co\/inicio\/"},{"@type":"ListItem","position":2,"name":"Horizonte Institucional","item":"https:\/\/colegiosarquidiocesanos.edu.co\/inicio\/horizonte-institucional\/"},{"@type":"ListItem","position":3,"name":"Rese\u00f1a Hist\u00f3rica"}]},{"@type":"WebSite","@id":"https:\/\/colegiosarquidiocesanos.edu.co\/inicio\/#website","url":"https:\/\/colegiosarquidiocesanos.edu.co\/inicio\/","name":"Colegios Arquidiocesanos - Mejores Colegios de Cali","description":"&quot;Colegios Arquidiocesanos&quot; es el sitio oficial que re\u00fane informaci\u00f3n sobre nuestros mejores colegios de Cali, noticias y actividades destacadas, adem\u00e1s de servicios en l\u00ednea como pagos de mensualidades y acceso al portal estudiantil. Una plataforma integral para estudiantes, padres y comunidad educativa.","publisher":{"@id":"https:\/\/colegiosarquidiocesanos.edu.co\/inicio\/#organization"},"alternateName":"Arquidiocesanos","potentialAction":[{"@type":"SearchAction","target":{"@type":"EntryPoint","urlTemplate":"https:\/\/colegiosarquidiocesanos.edu.co\/inicio\/?s={search_term_string}"},"query-input":{"@type":"PropertyValueSpecification","valueRequired":true,"valueName":"search_term_string"}}],"inLanguage":"es"},{"@type":"Organization","@id":"https:\/\/colegiosarquidiocesanos.edu.co\/inicio\/#organization","name":"Fundaci\u00f3n Educativa Santa Isabel de Hungr\u00eda","url":"https:\/\/colegiosarquidiocesanos.edu.co\/inicio\/","logo":{"@type":"ImageObject","inLanguage":"es","@id":"https:\/\/colegiosarquidiocesanos.edu.co\/inicio\/#\/schema\/logo\/image\/","url":"https:\/\/colegiosarquidiocesanos.edu.co\/inicio\/wp-content\/uploads\/2024\/06\/FESIH.png","contentUrl":"https:\/\/colegiosarquidiocesanos.edu.co\/inicio\/wp-content\/uploads\/2024\/06\/FESIH.png","width":2244,"height":2535,"caption":"Fundaci\u00f3n Educativa Santa Isabel de Hungr\u00eda"},"image":{"@id":"https:\/\/colegiosarquidiocesanos.edu.co\/inicio\/#\/schema\/logo\/image\/"},"sameAs":["https:\/\/www.facebook.com\/ColegiosArquidiocesanos\/","https:\/\/www.instagram.com\/colegios.arquidiocesanos\/"]}]}},"_links":{"self":[{"href":"https:\/\/colegiosarquidiocesanos.edu.co\/inicio\/wp-json\/wp\/v2\/pages\/1311","targetHints":{"allow":["GET"]}}],"collection":[{"href":"https:\/\/colegiosarquidiocesanos.edu.co\/inicio\/wp-json\/wp\/v2\/pages"}],"about":[{"href":"https:\/\/colegiosarquidiocesanos.edu.co\/inicio\/wp-json\/wp\/v2\/types\/page"}],"author":[{"embeddable":true,"href":"https:\/\/colegiosarquidiocesanos.edu.co\/inicio\/wp-json\/wp\/v2\/users\/1"}],"replies":[{"embeddable":true,"href":"https:\/\/colegiosarquidiocesanos.edu.co\/inicio\/wp-json\/wp\/v2\/comments?post=1311"}],"version-history":[{"count":0,"href":"https:\/\/colegiosarquidiocesanos.edu.co\/inicio\/wp-json\/wp\/v2\/pages\/1311\/revisions"}],"up":[{"embeddable":true,"href":"https:\/\/colegiosarquidiocesanos.edu.co\/inicio\/wp-json\/wp\/v2\/pages\/387"}],"wp:featuredmedia":[{"embeddable":true,"href":"https:\/\/colegiosarquidiocesanos.edu.co\/inicio\/wp-json\/wp\/v2\/media\/1712"}],"wp:attachment":[{"href":"https:\/\/colegiosarquidiocesanos.edu.co\/inicio\/wp-json\/wp\/v2\/media?parent=1311"}],"curies":[{"name":"wp","href":"https:\/\/api.w.org\/{rel}","templated":true}]}}